{"id":1551,"date":"2024-05-05T10:58:16","date_gmt":"2024-05-05T07:58:16","guid":{"rendered":"https:\/\/autolivonia.ee\/?page_id=1551"},"modified":"2025-12-25T20:45:47","modified_gmt":"2025-12-25T18:45:47","slug":"kontakt-2","status":"publish","type":"page","link":"https:\/\/autolivonia.ee\/?page_id=1551","title":{"rendered":"Kontakt"},"content":{"rendered":"\n\n\n<p><strong>\u00a0\u00a0\u00a0\u00a0\u00a0\u00a0\u00a0\u00a0\u00a0\u00a0\u00a0\u00a0\u00a0\u00a0\u00a0\u00a0\u00a0\u00a0\u00a0\u00a0\u00a0\u00a0\u00a0\u00a0\u00a0\u00a0\u00a0\u00a0\u00a0\u00a0\u00a0\u00a0\u00a0\u00a0\u00a0\u00a0\u00a0\u00a0\u00a0\u00a0\u00a0\u00a0\u00a0\u00a0\u00a0\u00a0\u00a0\u00a0\u00a0\u00a0\u00a0\u00a0\u00a0\u00a0\u00a0\u00a0\u00a0\u00a0\u00a0\u00a0\u00a0\u00a0\u00a0\u00a0\u00a0\u00a0\u00a0\u00a0\u00a0\u00a0\u00a0\u00a0\u00a0\u00a0\u00a0\u00a0\u00a0\u00a0\u00a0\u00a0\u00a0\u00a0\u00a0\u00a0\u00a0\u00a0\u00a0\u00a0\u00a0\u00a0\u00a0\u00a0\u00a0\u00a0\u00a0\u00a0\u00a0\u00a0\u00a0\u00a0\u00a0\u00a0\u00a0\u00a0\u00a0\u00a0\u00a0\u00a0\u00a0\u00a0<\/strong><\/p>\n\n\n\n\n\n\n\n\n\n\n\n\n\n\n\n\n\n\n\n\n\n\n\n<style>\n    .livonia-contact-container {\n        font-family: -apple-system, BlinkMacSystemFont, \"Segoe UI\", Roboto, Oxygen-Sans, Ubuntu, Cantarell, \"Helvetica Neue\", sans-serif;\n        color: #333;\n        line-height: 1.6;\n        max-width: 800px;\n        margin: 0 auto;\n        padding: 20px;\n    }\n\n    .livonia-header {\n        display: flex;\n        flex-wrap: wrap;\n        align-items: center;\n        gap: 30px;\n        border-bottom: 2px solid #f0f0f0;\n        padding-bottom: 20px;\n        margin-bottom: 30px;\n    }\n\n    .livonia-logo {\n        max-width: 193px;\n        height: auto;\n    }\n\n    .livonia-info h2 {\n        margin: 0 0 10px 0;\n        font-size: 1.4rem;\n        color: #000;\n    }\n\n    .livonia-info p {\n        margin: 2px 0;\n        font-size: 0.95rem;\n    }\n\n    .livonia-content h3 {\n        color: #000;\n        margin-top: 30px;\n        border-left: 4px solid #cc0000; \/* Subtle accent color *\/\n        padding-left: 15px;\n    }\n\n    .livonia-grid {\n        display: grid;\n        grid-template-columns: 1fr 1fr;\n        gap: 20px;\n        margin-top: 30px;\n    }\n\n    .livonia-media img, .livonia-media video {\n        width: 100%;\n        border-radius: 8px;\n        box-shadow: 0 4px 12px rgba(0,0,0,0.1);\n    }\n\n    @media (max-width: 600px) {\n        .livonia-grid {\n            grid-template-columns: 1fr;\n        }\n        .livonia-header {\n            text-align: center;\n            justify-content: center;\n        }\n    }\n<\/style>\n\n<div class=\"livonia-contact-container\">\n    <header class=\"livonia-header\">\n        <img decoding=\"async\" src=\"https:\/\/autolivonia.ee\/wp-content\/uploads\/2024\/05\/Livonia-1024x287.jpg\" alt=\"Livonia Logo\" class=\"livonia-logo\"\/>\n        <div class=\"livonia-info\">\n            <h2>O\u00dc Livonia Haus<\/h2>\n            <p><strong>Registrikood:<\/strong> 11139534<\/p>\n            <p><strong>Aadress:<\/strong> Pikk 20, 51009 Tartu<\/p>\n            <p><strong>E-post:<\/strong> <a href=\"mailto:livoniahaus@gmail.com\">livoniahaus@gmail.com<\/a><\/p>\n        <\/div>\n    <\/header>\n\n    <div class=\"livonia-content\">\n        <h3>Meist<\/h3>\n        <p>Oleme Saksamaa tuntud ja usaldusv\u00e4\u00e4rsete kaubam\u00e4rkide <strong>HEYNER\u00ae<\/strong> ja <strong>alca\u00ae<\/strong> toodete <strong>ametlik maaletooja Eestis<\/strong>. Meie p\u00f5hitegevusalaks on mootors\u00f5idukite lisaseadmete hulgim\u00fc\u00fck, pakkudes klientidele parimat hinna ja kvaliteedi suhet.<\/p>\n        \n        <p>Meie tootevalikust leiate kvaliteetsed raamita ja raamiga klaasipuhastusharjad ning laia valiku muid autotarvikuid \u2013 t\u00f6\u00f6riistad, HEYNER\u00ae p\u00f5randamatid s\u00f5iduautodele, autokompressorid ja palju muud, mis muudab s\u00f5itmise mugavamaks ja turvalisemaks.<\/p>\n        \n        <p>V\u00e4\u00e4rtustame pikaajalisi kliendisuhteid ning teeme tihedat koost\u00f6\u00f6d oma p\u00fcsiklientidega. Samas oleme alati avatud ka <strong>uutele koost\u00f6\u00f6partneritele ja klientidele<\/strong>, pakkudes paindlikke lahendusi ja professionaalset teenindust.<\/p>\n        \n        <p><em>Lisaks mootors\u00f5idukite lisaseadmete hulgim\u00fc\u00fcgile tegeleb ettev\u00f5te ka kinnisvara vahendustegevusega, pakkudes usaldusv\u00e4\u00e4rset ja personaalset teenust ka selles valdkonnas.<\/em><\/p>\n    <\/div>\n\n    <div class=\"livonia-grid\">\n        <div class=\"livonia-media\">\n            <img decoding=\"async\" src=\"https:\/\/autolivonia.ee\/wp-content\/uploads\/2024\/05\/Scan_20151013_152400-1024x724.jpg\" alt=\"Livonia Gallery Image\"\/>\n        <\/div>\n        <div class=\"livonia-media\">\n\n        <\/div>\n    <\/div>\n<\/div>\n","protected":false},"excerpt":{"rendered":"<p>\u00a0\u00a0\u00a0\u00a0\u00a0\u00a0\u00a0\u00a0\u00a0\u00a0\u00a0\u00a0\u00a0\u00a0\u00a0\u00a0\u00a0\u00a0\u00a0\u00a0\u00a0\u00a0\u00a0\u00a0\u00a0\u00a0\u00a0\u00a0\u00a0\u00a0\u00a0\u00a0\u00a0\u00a0\u00a0\u00a0\u00a0\u00a0\u00a0\u00a0\u00a0\u00a0\u00a0\u00a0\u00a0\u00a0\u00a0\u00a0\u00a0\u00a0\u00a0\u00a0\u00a0\u00a0\u00a0\u00a0\u00a0\u00a0\u00a0\u00a0\u00a0\u00a0\u00a0\u00a0\u00a0\u00a0\u00a0\u00a0\u00a0\u00a0\u00a0\u00a0\u00a0\u00a0\u00a0\u00a0\u00a0\u00a0\u00a0\u00a0\u00a0\u00a0\u00a0\u00a0\u00a0\u00a0\u00a0\u00a0\u00a0\u00a0\u00a0\u00a0\u00a0\u00a0\u00a0\u00a0\u00a0\u00a0\u00a0\u00a0\u00a0\u00a0\u00a0\u00a0\u00a0\u00a0\u00a0\u00a0\u00a0\u00a0 O\u00dc Livonia Haus Registrikood: 11139534 Aadress: Pikk 20, 51009 Tartu E-post: livoniahaus@gmail.com Meist Oleme Saksamaa tuntud ja usaldusv\u00e4\u00e4rsete kaubam\u00e4rkide HEYNER\u00ae ja alca\u00ae toodete ametlik maaletooja Eestis. Meie p\u00f5hitegevusalaks on mootors\u00f5idukite lisaseadmete hulgim\u00fc\u00fck, pakkudes klientidele parimat hinna ja kvaliteedi suhet. Meie tootevalikust leiate kvaliteetsed raamita ja raamiga klaasipuhastusharjad ning laia valiku muid autotarvikuid \u2013 t\u00f6\u00f6riistad, [&hellip;]<\/p>\n","protected":false},"author":1,"featured_media":0,"parent":0,"menu_order":0,"comment_status":"closed","ping_status":"closed","template":"","meta":{"footnotes":""},"class_list":["post-1551","page","type-page","status-publish","hentry"],"_links":{"self":[{"href":"https:\/\/autolivonia.ee\/index.php?rest_route=\/wp\/v2\/pages\/1551","targetHints":{"allow":["GET"]}}],"collection":[{"href":"https:\/\/autolivonia.ee\/index.php?rest_route=\/wp\/v2\/pages"}],"about":[{"href":"https:\/\/autolivonia.ee\/index.php?rest_route=\/wp\/v2\/types\/page"}],"author":[{"embeddable":true,"href":"https:\/\/autolivonia.ee\/index.php?rest_route=\/wp\/v2\/users\/1"}],"replies":[{"embeddable":true,"href":"https:\/\/autolivonia.ee\/index.php?rest_route=%2Fwp%2Fv2%2Fcomments&post=1551"}],"version-history":[{"count":15,"href":"https:\/\/autolivonia.ee\/index.php?rest_route=\/wp\/v2\/pages\/1551\/revisions"}],"predecessor-version":[{"id":1838,"href":"https:\/\/autolivonia.ee\/index.php?rest_route=\/wp\/v2\/pages\/1551\/revisions\/1838"}],"wp:attachment":[{"href":"https:\/\/autolivonia.ee\/index.php?rest_route=%2Fwp%2Fv2%2Fmedia&parent=1551"}],"curies":[{"name":"wp","href":"https:\/\/api.w.org\/{rel}","templated":true}]}}